{"id":260,"date":"2024-03-06T18:17:54","date_gmt":"2024-03-06T17:17:54","guid":{"rendered":"https:\/\/oromiabogados.com\/?page_id=260"},"modified":"2024-03-20T12:36:00","modified_gmt":"2024-03-20T11:36:00","slug":"dret-laboral","status":"publish","type":"page","link":"https:\/\/oromiabogados.com\/ca\/dret-laboral\/","title":{"rendered":"Dret laboral"},"content":{"rendered":"[vc_row type=&#8221;full_width_background&#8221; full_screen_row_position=&#8221;middle&#8221; column_margin=&#8221;default&#8221; column_direction=&#8221;default&#8221; column_direction_tablet=&#8221;default&#8221; column_direction_phone=&#8221;default&#8221; bg_color=&#8221;#be9f6a&#8221; bg_image=&#8221;194&#8243; bg_position=&#8221;center center&#8221; background_image_loading=&#8221;default&#8221; bg_repeat=&#8221;no-repeat&#8221; scene_position=&#8221;center&#8221; top_padding=&#8221;7%&#8221; constrain_group_1=&#8221;yes&#8221; bottom_padding=&#8221;7%&#8221; top_padding_tablet=&#8221;100px&#8221; constrain_group_3=&#8221;yes&#8221; bottom_padding_tablet=&#8221;100px&#8221; top_padding_phone=&#8221;100px&#8221; constrain_group_5=&#8221;yes&#8221; bottom_padding_phone=&#8221;100px&#8221; text_color=&#8221;light&#8221; text_align=&#8221;left&#8221; row_border_radius=&#8221;none&#8221; row_border_radius_applies=&#8221;bg&#8221; overflow=&#8221;visible&#8221; enable_gradient=&#8221;true&#8221; color_overlay=&#8221;#be9f6a&#8221; overlay_strength=&#8221;0.8&#8243; gradient_direction=&#8221;left_to_right&#8221; shape_divider_position=&#8221;bottom&#8221; bg_image_animation=&#8221;none&#8221; gradient_type=&#8221;default&#8221; shape_type=&#8221;&#8221;][vc_column column_padding=&#8221;no-extra-padding&#8221; column_padding_tablet=&#8221;inherit&#8221; column_padding_phone=&#8221;inherit&#8221; column_padding_position=&#8221;all&#8221; column_element_direction_desktop=&#8221;default&#8221; column_element_spacing=&#8221;default&#8221; desktop_text_alignment=&#8221;default&#8221; tablet_text_alignment=&#8221;default&#8221; phone_text_alignment=&#8221;default&#8221; background_color_opacity=&#8221;1&#8243; background_hover_color_opacity=&#8221;1&#8243; column_backdrop_filter=&#8221;none&#8221; column_shadow=&#8221;none&#8221; column_border_radius=&#8221;none&#8221; column_link_target=&#8221;_self&#8221; column_position=&#8221;default&#8221; gradient_direction=&#8221;left_to_right&#8221; overlay_strength=&#8221;0.3&#8243; width=&#8221;1\/1&#8243; tablet_width_inherit=&#8221;default&#8221; animation_type=&#8221;default&#8221; bg_image_animation=&#8221;none&#8221; border_type=&#8221;simple&#8221; column_border_width=&#8221;none&#8221; column_border_style=&#8221;solid&#8221;][vc_column_text text_direction=&#8221;default&#8221;]\n<h1>Dret laboral<\/h1>\n[\/vc_column_text][\/vc_column][\/vc_row][vc_row type=&#8221;in_container&#8221; full_screen_row_position=&#8221;middle&#8221; column_margin=&#8221;default&#8221; column_direction=&#8221;default&#8221; column_direction_tablet=&#8221;default&#8221; column_direction_phone=&#8221;default&#8221; scene_position=&#8221;center&#8221; top_padding=&#8221;4%&#8221; bottom_padding=&#8221;2%&#8221; text_color=&#8221;dark&#8221; text_align=&#8221;left&#8221; row_border_radius=&#8221;none&#8221; row_border_radius_applies=&#8221;bg&#8221; overflow=&#8221;visible&#8221; overlay_strength=&#8221;0.3&#8243; gradient_direction=&#8221;left_to_right&#8221; shape_divider_position=&#8221;bottom&#8221; bg_image_animation=&#8221;none&#8221; gradient_type=&#8221;default&#8221; shape_type=&#8221;&#8221;][vc_column column_padding=&#8221;no-extra-padding&#8221; column_padding_tablet=&#8221;inherit&#8221; column_padding_phone=&#8221;inherit&#8221; column_padding_position=&#8221;all&#8221; column_element_direction_desktop=&#8221;default&#8221; column_element_spacing=&#8221;default&#8221; desktop_text_alignment=&#8221;default&#8221; tablet_text_alignment=&#8221;default&#8221; phone_text_alignment=&#8221;default&#8221; background_color_opacity=&#8221;1&#8243; background_hover_color_opacity=&#8221;1&#8243; column_backdrop_filter=&#8221;none&#8221; column_shadow=&#8221;none&#8221; column_border_radius=&#8221;none&#8221; column_link_target=&#8221;_self&#8221; column_position=&#8221;default&#8221; gradient_direction=&#8221;left_to_right&#8221; overlay_strength=&#8221;0.3&#8243; width=&#8221;1\/1&#8243; tablet_width_inherit=&#8221;default&#8221; animation_type=&#8221;default&#8221; bg_image_animation=&#8221;none&#8221; border_type=&#8221;simple&#8221; column_border_width=&#8221;none&#8221; column_border_style=&#8221;solid&#8221;][vc_column_text text_direction=&#8221;default&#8221;]\n<h2>El departament laboral d&#8217;Orom\u00ed Associats &amp; Advocats, us permetr\u00e0 evitar els errors m\u00e9s comuns en afrontar assumptes laborals. Els procediments laborals tenen requisits formals i materials que sovint s\u00f3n desconeguts per a l&#8217;usuari mitj\u00e0. La no-observan\u00e7a d&#8217;aquestes formalitats pot resultar en la p\u00e8rdua de la prestaci\u00f3 exigida al litigi.<\/h2>\n[\/vc_column_text][vc_column_text text_direction=&#8221;default&#8221;]L&#8217;advocat laboralista t\u00e9 la responsabilitat d&#8217;assessorar legalment, i brindar una defensa t\u00e8cnica als que es trobin en possibles litigis amb les empreses o els treballadors.<\/p>\n<p>Et representem i defensem en qualsevol litigi relacionat amb:[\/vc_column_text][\/vc_column][\/vc_row][vc_row type=&#8221;full_width_background&#8221; full_screen_row_position=&#8221;middle&#8221; column_margin=&#8221;default&#8221; equal_height=&#8221;yes&#8221; content_placement=&#8221;middle&#8221; column_direction=&#8221;default&#8221; column_direction_tablet=&#8221;default&#8221; column_direction_phone=&#8221;default&#8221; scene_position=&#8221;center&#8221; text_color=&#8221;dark&#8221; text_align=&#8221;left&#8221; row_border_radius=&#8221;none&#8221; row_border_radius_applies=&#8221;bg&#8221; overflow=&#8221;visible&#8221; id=&#8221;steps&#8221; row_name=&#8221;Sign Up Steps&#8221; overlay_strength=&#8221;0.3&#8243; gradient_direction=&#8221;left_to_right&#8221; shape_divider_position=&#8221;bottom&#8221; bg_image_animation=&#8221;none&#8221; shape_type=&#8221;&#8221; gradient_type=&#8221;default&#8221;][vc_column column_padding=&#8221;padding-2-percent&#8221; column_padding_tablet=&#8221;inherit&#8221; column_padding_phone=&#8221;inherit&#8221; column_padding_position=&#8221;top-bottom&#8221; column_element_direction_desktop=&#8221;default&#8221; column_element_spacing=&#8221;default&#8221; desktop_text_alignment=&#8221;default&#8221; tablet_text_alignment=&#8221;default&#8221; phone_text_alignment=&#8221;default&#8221; background_color_opacity=&#8221;1&#8243; background_hover_color_opacity=&#8221;1&#8243; column_backdrop_filter=&#8221;none&#8221; column_shadow=&#8221;none&#8221; column_border_radius=&#8221;none&#8221; column_link_target=&#8221;_self&#8221; column_position=&#8221;default&#8221; gradient_direction=&#8221;left_to_right&#8221; overlay_strength=&#8221;0.3&#8243; width=&#8221;1\/1&#8243; tablet_width_inherit=&#8221;default&#8221; animation_type=&#8221;default&#8221; bg_image_animation=&#8221;none&#8221; border_type=&#8221;simple&#8221; column_border_width=&#8221;none&#8221; column_border_style=&#8221;solid&#8221; offset=&#8221;vc_col-xs-12&#8243;][nectar_icon_list animate=&#8221;true&#8221; color=&#8221;default&#8221; direction=&#8221;horizontal&#8221; columns=&#8221;3&#8243; icon_size=&#8221;small&#8221; icon_style=&#8221;border&#8221;][nectar_icon_list_item icon_type=&#8221;numerical&#8221; text_full_html=&#8221;simple&#8221; title=&#8221;List Item&#8221; id=&#8221;1710934398532-10&#8243; header=&#8221;Demandes per acomiadaments&#8221; text=&#8221;(individuals i col\u00b7lectius, improcedents, disciplinaris, objectius, nuls i reclamacions de quantitat)&#8221; tab_id=&#8221;1710934398532-1&#8243;][\/nectar_icon_list_item][nectar_icon_list_item icon_type=&#8221;numerical&#8221; text_full_html=&#8221;simple&#8221; title=&#8221;List Item&#8221; id=&#8221;1710934398548-1&#8243; header=&#8221;Reclamaci\u00f3 de quantitat&#8221; tab_id=&#8221;1710934398549-10&#8243;][\/nectar_icon_list_item][nectar_icon_list_item icon_type=&#8221;numerical&#8221; text_full_html=&#8221;simple&#8221; title=&#8221;List Item&#8221; id=&#8221;1710934398564-7&#8243; header=&#8221;Contractaci\u00f3&#8221; tab_id=&#8221;1710934398564-4&#8243;][\/nectar_icon_list_item][nectar_icon_list_item icon_type=&#8221;numerical&#8221; text_full_html=&#8221;simple&#8221; title=&#8221;List Item&#8221; id=&#8221;1710934398571-1&#8243; header=&#8221;Modificaci\u00f3 substancial de les condicions de treball&#8221; tab_id=&#8221;1710934398572-10&#8243;][\/nectar_icon_list_item][nectar_icon_list_item icon_type=&#8221;numerical&#8221; text_full_html=&#8221;simple&#8221; title=&#8221;List Item&#8221; id=&#8221;1710934398576-4&#8243; header=&#8221;Suspensi\u00f3 del contracte de treball&#8221; tab_id=&#8221;1710934398576-1&#8243;][\/nectar_icon_list_item][nectar_icon_list_item icon_type=&#8221;numerical&#8221; text_full_html=&#8221;simple&#8221; title=&#8221;List Item&#8221; id=&#8221;1710934398581-4&#8243; header=&#8221;Extincions contractuals&#8221; tab_id=&#8221;1710934398581-2&#8243;][\/nectar_icon_list_item][nectar_icon_list_item icon_type=&#8221;numerical&#8221; text_full_html=&#8221;simple&#8221; title=&#8221;List Item&#8221; id=&#8221;1710934398585-8&#8243; tab_id=&#8221;1710934398585-9&#8243; header=&#8221;Negociaci\u00f3 col\u00b7lectiva&#8221;][\/nectar_icon_list_item][nectar_icon_list_item icon_type=&#8221;numerical&#8221; text_full_html=&#8221;simple&#8221; title=&#8221;List Item&#8221; id=&#8221;1710934398594-0&#8243; tab_id=&#8221;1710934398595-0&#8243; header=&#8221;Actes de conciliaci\u00f3&#8221;][\/nectar_icon_list_item][nectar_icon_list_item icon_type=&#8221;numerical&#8221; text_full_html=&#8221;simple&#8221; title=&#8221;List Item&#8221; id=&#8221;1710934398602-6&#8243; tab_id=&#8221;1710934398603-1&#8243; header=&#8221;C\u00e0lcul de liquidaci\u00f3 i de les quantitats a cobrar pel FOGASA&#8221;][\/nectar_icon_list_item][nectar_icon_list_item icon_type=&#8221;numerical&#8221; text_full_html=&#8221;simple&#8221; title=&#8221;List Item&#8221; id=&#8221;1710934398612-5&#8243; tab_id=&#8221;1710934398612-7&#8243; header=&#8221;Reclamaci\u00f3 de tota mena de prestacions i subsidis socials&#8221;][\/nectar_icon_list_item][\/nectar_icon_list][\/vc_column][\/vc_row][vc_row type=&#8221;full_width_background&#8221; full_screen_row_position=&#8221;middle&#8221; column_margin=&#8221;default&#8221; column_direction=&#8221;default&#8221; column_direction_tablet=&#8221;default&#8221; column_direction_phone=&#8221;default&#8221; bg_color=&#8221;#be9f6a&#8221; scene_position=&#8221;center&#8221; top_padding=&#8221;5%&#8221; constrain_group_1=&#8221;yes&#8221; bottom_padding=&#8221;5%&#8221; top_padding_tablet=&#8221;80px&#8221; constrain_group_3=&#8221;yes&#8221; bottom_padding_tablet=&#8221;80px&#8221; top_padding_phone=&#8221;80px&#8221; constrain_group_5=&#8221;yes&#8221; bottom_padding_phone=&#8221;80px&#8221; text_color=&#8221;light&#8221; text_align=&#8221;left&#8221; row_border_radius=&#8221;none&#8221; row_border_radius_applies=&#8221;bg&#8221; overflow=&#8221;visible&#8221; enable_gradient=&#8221;true&#8221; color_overlay=&#8221;#be9f6a&#8221; color_overlay_2=&#8221;#d6c18c&#8221; overlay_strength=&#8221;1&#8243; gradient_direction=&#8221;left_to_right&#8221; shape_divider_position=&#8221;bottom&#8221; bg_image_animation=&#8221;none&#8221; gradient_type=&#8221;default&#8221; shape_type=&#8221;&#8221;][vc_column column_padding=&#8221;no-extra-padding&#8221; column_padding_tablet=&#8221;inherit&#8221; column_padding_phone=&#8221;inherit&#8221; column_padding_position=&#8221;all&#8221; column_element_direction_desktop=&#8221;default&#8221; column_element_spacing=&#8221;default&#8221; desktop_text_alignment=&#8221;default&#8221; tablet_text_alignment=&#8221;default&#8221; phone_text_alignment=&#8221;default&#8221; background_color_opacity=&#8221;1&#8243; background_hover_color_opacity=&#8221;1&#8243; column_backdrop_filter=&#8221;none&#8221; column_shadow=&#8221;none&#8221; column_border_radius=&#8221;none&#8221; column_link_target=&#8221;_self&#8221; column_position=&#8221;default&#8221; gradient_direction=&#8221;left_to_right&#8221; overlay_strength=&#8221;0.3&#8243; width=&#8221;2\/3&#8243; tablet_width_inherit=&#8221;default&#8221; animation_type=&#8221;default&#8221; bg_image_animation=&#8221;none&#8221; border_type=&#8221;simple&#8221; column_border_width=&#8221;none&#8221; column_border_style=&#8221;solid&#8221;][vc_column_text text_direction=&#8221;default&#8221;]\n<h1>\u00bfNecessites ajuda?<\/h1>\n[\/vc_column_text][\/vc_column][vc_column column_padding=&#8221;no-extra-padding&#8221; column_padding_tablet=&#8221;inherit&#8221; column_padding_phone=&#8221;inherit&#8221; column_padding_position=&#8221;all&#8221; column_element_direction_desktop=&#8221;default&#8221; column_element_spacing=&#8221;default&#8221; desktop_text_alignment=&#8221;default&#8221; tablet_text_alignment=&#8221;default&#8221; phone_text_alignment=&#8221;default&#8221; background_color_opacity=&#8221;1&#8243; background_hover_color_opacity=&#8221;1&#8243; column_backdrop_filter=&#8221;none&#8221; column_shadow=&#8221;none&#8221; column_border_radius=&#8221;none&#8221; column_link_target=&#8221;_self&#8221; column_position=&#8221;default&#8221; gradient_direction=&#8221;left_to_right&#8221; overlay_strength=&#8221;0.3&#8243; width=&#8221;1\/3&#8243; tablet_width_inherit=&#8221;default&#8221; animation_type=&#8221;default&#8221; bg_image_animation=&#8221;none&#8221; border_type=&#8221;simple&#8221; column_border_width=&#8221;none&#8221; column_border_style=&#8221;solid&#8221;][nectar_btn size=&#8221;jumbo&#8221; open_new_tab=&#8221;true&#8221; button_style=&#8221;regular&#8221; button_color_2=&#8221;Extra-Color-3&#8243; color_override=&#8221;#ffffff&#8221; solid_text_color_override=&#8221;#be9f6a&#8221; icon_family=&#8221;none&#8221; text=&#8221;Contacta amb nosaltres&#8221; url=&#8221;https:\/\/oromiabogados.com\/ca\/#contacte&#8221;][\/vc_column][\/vc_row]\n","protected":false},"excerpt":{"rendered":"<p>[vc_row type=&#8221;full_width_background&#8221; full_screen_row_position=&#8221;middle&#8221; column_margin=&#8221;default&#8221; column_direction=&#8221;default&#8221; column_direction_tablet=&#8221;default&#8221; column_direction_phone=&#8221;default&#8221; bg_color=&#8221;#be9f6a&#8221; bg_image=&#8221;194&#8243; bg_position=&#8221;center center&#8221; background_image_loading=&#8221;default&#8221; bg_repeat=&#8221;no-repeat&#8221; scene_position=&#8221;center&#8221; top_padding=&#8221;7%&#8221; constrain_group_1=&#8221;yes&#8221; bottom_padding=&#8221;7%&#8221; top_padding_tablet=&#8221;100px&#8221; constrain_group_3=&#8221;yes&#8221; bottom_padding_tablet=&#8221;100px&#8221; top_padding_phone=&#8221;100px&#8221; constrain_group_5=&#8221;yes&#8221; bottom_padding_phone=&#8221;100px&#8221; text_color=&#8221;light&#8221; text_align=&#8221;left&#8221; row_border_radius=&#8221;none&#8221; row_border_radius_applies=&#8221;bg&#8221; overflow=&#8221;visible&#8221; enable_gradient=&#8221;true&#8221; color_overlay=&#8221;#be9f6a&#8221;&#8230;<\/p>\n","protected":false},"author":1,"featured_media":0,"parent":0,"menu_order":0,"comment_status":"closed","ping_status":"closed","template":"","meta":{"footnotes":""},"class_list":["post-260","page","type-page","status-publish"],"yoast_head":"<!-- This site is optimized with the Yoast SEO plugin v22.4 - https:\/\/yoast.com\/wordpress\/plugins\/seo\/ -->\n<title>Dret laboral - Orom\u00ed &amp; Asociados - Abogados<\/title>\n<meta name=\"robots\" content=\"index, follow, max-snippet:-1, max-image-preview:large, max-video-preview:-1\" \/>\n<link rel=\"canonical\" href=\"https:\/\/oromiabogados.com\/ca\/dret-laboral\/\" \/>\n<meta property=\"og:locale\" content=\"ca_ES\" \/>\n<meta property=\"og:type\" content=\"article\" \/>\n<meta property=\"og:title\" content=\"Dret laboral - Orom\u00ed &amp; Asociados - Abogados\" \/>\n<meta property=\"og:description\" content=\"[vc_row type=&#8221;full_width_background&#8221; full_screen_row_position=&#8221;middle&#8221; column_margin=&#8221;default&#8221; column_direction=&#8221;default&#8221; column_direction_tablet=&#8221;default&#8221; column_direction_phone=&#8221;default&#8221; bg_color=&#8221;#be9f6a&#8221; bg_image=&#8221;194&#8243; bg_position=&#8221;center center&#8221; background_image_loading=&#8221;default&#8221; bg_repeat=&#8221;no-repeat&#8221; scene_position=&#8221;center&#8221; top_padding=&#8221;7%&#8221; constrain_group_1=&#8221;yes&#8221; bottom_padding=&#8221;7%&#8221; top_padding_tablet=&#8221;100px&#8221; constrain_group_3=&#8221;yes&#8221; bottom_padding_tablet=&#8221;100px&#8221; top_padding_phone=&#8221;100px&#8221; constrain_group_5=&#8221;yes&#8221; bottom_padding_phone=&#8221;100px&#8221; text_color=&#8221;light&#8221; text_align=&#8221;left&#8221; row_border_radius=&#8221;none&#8221; row_border_radius_applies=&#8221;bg&#8221; overflow=&#8221;visible&#8221; enable_gradient=&#8221;true&#8221; color_overlay=&#8221;#be9f6a&#8221;...\" \/>\n<meta property=\"og:url\" content=\"https:\/\/oromiabogados.com\/ca\/dret-laboral\/\" \/>\n<meta property=\"og:site_name\" content=\"Orom\u00ed &amp; Asociados - Abogados\" \/>\n<meta property=\"article:modified_time\" content=\"2024-03-20T11:36:00+00:00\" \/>\n<meta name=\"twitter:card\" content=\"summary_large_image\" \/>\n<meta name=\"twitter:label1\" content=\"Temps estimat de lectura\" \/>\n\t<meta name=\"twitter:data1\" content=\"7 minuts\" \/>\n<script type=\"application\/ld+json\" class=\"yoast-schema-graph\">{\"@context\":\"https:\/\/schema.org\",\"@graph\":[{\"@type\":\"WebPage\",\"@id\":\"https:\/\/oromiabogados.com\/ca\/dret-laboral\/\",\"url\":\"https:\/\/oromiabogados.com\/ca\/dret-laboral\/\",\"name\":\"Dret laboral - Orom\u00ed &amp; Asociados - Abogados\",\"isPartOf\":{\"@id\":\"https:\/\/oromiabogados.com\/#website\"},\"datePublished\":\"2024-03-06T17:17:54+00:00\",\"dateModified\":\"2024-03-20T11:36:00+00:00\",\"breadcrumb\":{\"@id\":\"https:\/\/oromiabogados.com\/ca\/dret-laboral\/#breadcrumb\"},\"inLanguage\":\"ca\",\"potentialAction\":[{\"@type\":\"ReadAction\",\"target\":[\"https:\/\/oromiabogados.com\/ca\/dret-laboral\/\"]}]},{\"@type\":\"BreadcrumbList\",\"@id\":\"https:\/\/oromiabogados.com\/ca\/dret-laboral\/#breadcrumb\",\"itemListElement\":[{\"@type\":\"ListItem\",\"position\":1,\"name\":\"Portada\",\"item\":\"https:\/\/oromiabogados.com\/ca\/\"},{\"@type\":\"ListItem\",\"position\":2,\"name\":\"Dret laboral\"}]},{\"@type\":\"WebSite\",\"@id\":\"https:\/\/oromiabogados.com\/#website\",\"url\":\"https:\/\/oromiabogados.com\/\",\"name\":\"Orom\u00ed & Asociados - Abogados\",\"description\":\"En Orom\u00ed Abogados llevamos cerca de 20 a\u00f1os ayudando a las empresas y profesionales a solucionar problemas laborales y legales\",\"publisher\":{\"@id\":\"https:\/\/oromiabogados.com\/#organization\"},\"potentialAction\":[{\"@type\":\"SearchAction\",\"target\":{\"@type\":\"EntryPoint\",\"urlTemplate\":\"https:\/\/oromiabogados.com\/?s={search_term_string}\"},\"query-input\":\"required name=search_term_string\"}],\"inLanguage\":\"ca\"},{\"@type\":\"Organization\",\"@id\":\"https:\/\/oromiabogados.com\/#organization\",\"name\":\"Orom\u00ed & Asociados - Abogados\",\"url\":\"https:\/\/oromiabogados.com\/\",\"logo\":{\"@type\":\"ImageObject\",\"inLanguage\":\"ca\",\"@id\":\"https:\/\/oromiabogados.com\/#\/schema\/logo\/image\/\",\"url\":\"https:\/\/oromiabogados.com\/wp-content\/uploads\/2024\/03\/cropped-oromi-icon.png\",\"contentUrl\":\"https:\/\/oromiabogados.com\/wp-content\/uploads\/2024\/03\/cropped-oromi-icon.png\",\"width\":512,\"height\":512,\"caption\":\"Orom\u00ed & Asociados - Abogados\"},\"image\":{\"@id\":\"https:\/\/oromiabogados.com\/#\/schema\/logo\/image\/\"}}]}<\/script>\n<!-- \/ Yoast SEO plugin. -->","yoast_head_json":{"title":"Dret laboral - Orom\u00ed &amp; Asociados - Abogados","robots":{"index":"index","follow":"follow","max-snippet":"max-snippet:-1","max-image-preview":"max-image-preview:large","max-video-preview":"max-video-preview:-1"},"canonical":"https:\/\/oromiabogados.com\/ca\/dret-laboral\/","og_locale":"ca_ES","og_type":"article","og_title":"Dret laboral - Orom\u00ed &amp; Asociados - Abogados","og_description":"[vc_row type=&#8221;full_width_background&#8221; full_screen_row_position=&#8221;middle&#8221; column_margin=&#8221;default&#8221; column_direction=&#8221;default&#8221; column_direction_tablet=&#8221;default&#8221; column_direction_phone=&#8221;default&#8221; bg_color=&#8221;#be9f6a&#8221; bg_image=&#8221;194&#8243; bg_position=&#8221;center center&#8221; background_image_loading=&#8221;default&#8221; bg_repeat=&#8221;no-repeat&#8221; scene_position=&#8221;center&#8221; top_padding=&#8221;7%&#8221; constrain_group_1=&#8221;yes&#8221; bottom_padding=&#8221;7%&#8221; top_padding_tablet=&#8221;100px&#8221; constrain_group_3=&#8221;yes&#8221; bottom_padding_tablet=&#8221;100px&#8221; top_padding_phone=&#8221;100px&#8221; constrain_group_5=&#8221;yes&#8221; bottom_padding_phone=&#8221;100px&#8221; text_color=&#8221;light&#8221; text_align=&#8221;left&#8221; row_border_radius=&#8221;none&#8221; row_border_radius_applies=&#8221;bg&#8221; overflow=&#8221;visible&#8221; enable_gradient=&#8221;true&#8221; color_overlay=&#8221;#be9f6a&#8221;...","og_url":"https:\/\/oromiabogados.com\/ca\/dret-laboral\/","og_site_name":"Orom\u00ed &amp; Asociados - Abogados","article_modified_time":"2024-03-20T11:36:00+00:00","twitter_card":"summary_large_image","twitter_misc":{"Temps estimat de lectura":"7 minuts"},"schema":{"@context":"https:\/\/schema.org","@graph":[{"@type":"WebPage","@id":"https:\/\/oromiabogados.com\/ca\/dret-laboral\/","url":"https:\/\/oromiabogados.com\/ca\/dret-laboral\/","name":"Dret laboral - Orom\u00ed &amp; Asociados - Abogados","isPartOf":{"@id":"https:\/\/oromiabogados.com\/#website"},"datePublished":"2024-03-06T17:17:54+00:00","dateModified":"2024-03-20T11:36:00+00:00","breadcrumb":{"@id":"https:\/\/oromiabogados.com\/ca\/dret-laboral\/#breadcrumb"},"inLanguage":"ca","potentialAction":[{"@type":"ReadAction","target":["https:\/\/oromiabogados.com\/ca\/dret-laboral\/"]}]},{"@type":"BreadcrumbList","@id":"https:\/\/oromiabogados.com\/ca\/dret-laboral\/#breadcrumb","itemListElement":[{"@type":"ListItem","position":1,"name":"Portada","item":"https:\/\/oromiabogados.com\/ca\/"},{"@type":"ListItem","position":2,"name":"Dret laboral"}]},{"@type":"WebSite","@id":"https:\/\/oromiabogados.com\/#website","url":"https:\/\/oromiabogados.com\/","name":"Orom\u00ed & Asociados - Abogados","description":"En Orom\u00ed Abogados llevamos cerca de 20 a\u00f1os ayudando a las empresas y profesionales a solucionar problemas laborales y legales","publisher":{"@id":"https:\/\/oromiabogados.com\/#organization"},"potentialAction":[{"@type":"SearchAction","target":{"@type":"EntryPoint","urlTemplate":"https:\/\/oromiabogados.com\/?s={search_term_string}"},"query-input":"required name=search_term_string"}],"inLanguage":"ca"},{"@type":"Organization","@id":"https:\/\/oromiabogados.com\/#organization","name":"Orom\u00ed & Asociados - Abogados","url":"https:\/\/oromiabogados.com\/","logo":{"@type":"ImageObject","inLanguage":"ca","@id":"https:\/\/oromiabogados.com\/#\/schema\/logo\/image\/","url":"https:\/\/oromiabogados.com\/wp-content\/uploads\/2024\/03\/cropped-oromi-icon.png","contentUrl":"https:\/\/oromiabogados.com\/wp-content\/uploads\/2024\/03\/cropped-oromi-icon.png","width":512,"height":512,"caption":"Orom\u00ed & Asociados - Abogados"},"image":{"@id":"https:\/\/oromiabogados.com\/#\/schema\/logo\/image\/"}}]}},"_links":{"self":[{"href":"https:\/\/oromiabogados.com\/ca\/wp-json\/wp\/v2\/pages\/260","targetHints":{"allow":["GET"]}}],"collection":[{"href":"https:\/\/oromiabogados.com\/ca\/wp-json\/wp\/v2\/pages"}],"about":[{"href":"https:\/\/oromiabogados.com\/ca\/wp-json\/wp\/v2\/types\/page"}],"author":[{"embeddable":true,"href":"https:\/\/oromiabogados.com\/ca\/wp-json\/wp\/v2\/users\/1"}],"replies":[{"embeddable":true,"href":"https:\/\/oromiabogados.com\/ca\/wp-json\/wp\/v2\/comments?post=260"}],"version-history":[{"count":1,"href":"https:\/\/oromiabogados.com\/ca\/wp-json\/wp\/v2\/pages\/260\/revisions"}],"predecessor-version":[{"id":261,"href":"https:\/\/oromiabogados.com\/ca\/wp-json\/wp\/v2\/pages\/260\/revisions\/261"}],"wp:attachment":[{"href":"https:\/\/oromiabogados.com\/ca\/wp-json\/wp\/v2\/media?parent=260"}],"curies":[{"name":"wp","href":"https:\/\/api.w.org\/{rel}","templated":true}]}}