{"id":256,"date":"2024-03-06T18:22:07","date_gmt":"2024-03-06T17:22:07","guid":{"rendered":"https:\/\/oromiabogados.com\/?page_id=256"},"modified":"2024-03-20T12:36:30","modified_gmt":"2024-03-20T11:36:30","slug":"dret-de-familia","status":"publish","type":"page","link":"https:\/\/oromiabogados.com\/ca\/dret-de-familia\/","title":{"rendered":"Dret de fam\u00edlia"},"content":{"rendered":"[vc_row type=&#8221;full_width_background&#8221; full_screen_row_position=&#8221;middle&#8221; column_margin=&#8221;default&#8221; column_direction=&#8221;default&#8221; column_direction_tablet=&#8221;default&#8221; column_direction_phone=&#8221;default&#8221; bg_color=&#8221;#be9f6a&#8221; bg_image=&#8221;197&#8243; bg_position=&#8221;center center&#8221; background_image_loading=&#8221;default&#8221; bg_repeat=&#8221;no-repeat&#8221; scene_position=&#8221;center&#8221; top_padding=&#8221;7%&#8221; constrain_group_1=&#8221;yes&#8221; bottom_padding=&#8221;7%&#8221; top_padding_tablet=&#8221;100px&#8221; constrain_group_3=&#8221;yes&#8221; bottom_padding_tablet=&#8221;100px&#8221; top_padding_phone=&#8221;100px&#8221; constrain_group_5=&#8221;yes&#8221; bottom_padding_phone=&#8221;100px&#8221; text_color=&#8221;light&#8221; text_align=&#8221;left&#8221; row_border_radius=&#8221;none&#8221; row_border_radius_applies=&#8221;bg&#8221; overflow=&#8221;visible&#8221; enable_gradient=&#8221;true&#8221; color_overlay=&#8221;#be9f6a&#8221; overlay_strength=&#8221;0.8&#8243; gradient_direction=&#8221;left_to_right&#8221; shape_divider_position=&#8221;bottom&#8221; bg_image_animation=&#8221;none&#8221; gradient_type=&#8221;default&#8221; shape_type=&#8221;&#8221;][vc_column column_padding=&#8221;no-extra-padding&#8221; column_padding_tablet=&#8221;inherit&#8221; column_padding_phone=&#8221;inherit&#8221; column_padding_position=&#8221;all&#8221; column_element_direction_desktop=&#8221;default&#8221; column_element_spacing=&#8221;default&#8221; desktop_text_alignment=&#8221;default&#8221; tablet_text_alignment=&#8221;default&#8221; phone_text_alignment=&#8221;default&#8221; background_color_opacity=&#8221;1&#8243; background_hover_color_opacity=&#8221;1&#8243; column_backdrop_filter=&#8221;none&#8221; column_shadow=&#8221;none&#8221; column_border_radius=&#8221;none&#8221; column_link_target=&#8221;_self&#8221; column_position=&#8221;default&#8221; gradient_direction=&#8221;left_to_right&#8221; overlay_strength=&#8221;0.3&#8243; width=&#8221;1\/1&#8243; tablet_width_inherit=&#8221;default&#8221; animation_type=&#8221;default&#8221; bg_image_animation=&#8221;none&#8221; border_type=&#8221;simple&#8221; column_border_width=&#8221;none&#8221; column_border_style=&#8221;solid&#8221;][vc_column_text text_direction=&#8221;default&#8221;]\n<h1>Dret de fam\u00edlia<\/h1>\n[\/vc_column_text][\/vc_column][\/vc_row][vc_row type=&#8221;in_container&#8221; full_screen_row_position=&#8221;middle&#8221; column_margin=&#8221;default&#8221; column_direction=&#8221;default&#8221; column_direction_tablet=&#8221;default&#8221; column_direction_phone=&#8221;default&#8221; scene_position=&#8221;center&#8221; top_padding=&#8221;4%&#8221; bottom_padding=&#8221;2%&#8221; text_color=&#8221;dark&#8221; text_align=&#8221;left&#8221; row_border_radius=&#8221;none&#8221; row_border_radius_applies=&#8221;bg&#8221; overflow=&#8221;visible&#8221; overlay_strength=&#8221;0.3&#8243; gradient_direction=&#8221;left_to_right&#8221; shape_divider_position=&#8221;bottom&#8221; bg_image_animation=&#8221;none&#8221; gradient_type=&#8221;default&#8221; shape_type=&#8221;&#8221;][vc_column column_padding=&#8221;no-extra-padding&#8221; column_padding_tablet=&#8221;inherit&#8221; column_padding_phone=&#8221;inherit&#8221; column_padding_position=&#8221;all&#8221; column_element_direction_desktop=&#8221;default&#8221; column_element_spacing=&#8221;default&#8221; desktop_text_alignment=&#8221;default&#8221; tablet_text_alignment=&#8221;default&#8221; phone_text_alignment=&#8221;default&#8221; background_color_opacity=&#8221;1&#8243; background_hover_color_opacity=&#8221;1&#8243; column_backdrop_filter=&#8221;none&#8221; column_shadow=&#8221;none&#8221; column_border_radius=&#8221;none&#8221; column_link_target=&#8221;_self&#8221; column_position=&#8221;default&#8221; gradient_direction=&#8221;left_to_right&#8221; overlay_strength=&#8221;0.3&#8243; width=&#8221;1\/1&#8243; tablet_width_inherit=&#8221;default&#8221; animation_type=&#8221;default&#8221; bg_image_animation=&#8221;none&#8221; border_type=&#8221;simple&#8221; column_border_width=&#8221;none&#8221; column_border_style=&#8221;solid&#8221;][vc_column_text text_direction=&#8221;default&#8221;]\n<h2>A Orom\u00ed Asociados &amp; Advocats som experts en la gesti\u00f3 de disputes familiars, oferint assessorament efica\u00e7 amb un enfocament transparent.<\/h2>\n[\/vc_column_text][vc_column_text text_direction=&#8221;default&#8221;]Estem compromesos a resoldre totes les vostres inquietuds i desenvolupar l&#8217;estrat\u00e8gia m\u00e9s adequada. Comptem amb la capacitaci\u00f3 necess\u00e0ria per protegir els seus drets i interessos, independentment de quins siguin aquests.[\/vc_column_text][\/vc_column][\/vc_row][vc_row type=&#8221;full_width_background&#8221; full_screen_row_position=&#8221;middle&#8221; column_margin=&#8221;default&#8221; equal_height=&#8221;yes&#8221; content_placement=&#8221;middle&#8221; column_direction=&#8221;default&#8221; column_direction_tablet=&#8221;default&#8221; column_direction_phone=&#8221;default&#8221; scene_position=&#8221;center&#8221; text_color=&#8221;dark&#8221; text_align=&#8221;left&#8221; row_border_radius=&#8221;none&#8221; row_border_radius_applies=&#8221;bg&#8221; overflow=&#8221;visible&#8221; id=&#8221;steps&#8221; row_name=&#8221;Sign Up Steps&#8221; overlay_strength=&#8221;0.3&#8243; gradient_direction=&#8221;left_to_right&#8221; shape_divider_position=&#8221;bottom&#8221; bg_image_animation=&#8221;none&#8221; shape_type=&#8221;&#8221; gradient_type=&#8221;default&#8221;][vc_column column_padding=&#8221;padding-2-percent&#8221; column_padding_tablet=&#8221;inherit&#8221; column_padding_phone=&#8221;inherit&#8221; column_padding_position=&#8221;top-bottom&#8221; column_element_direction_desktop=&#8221;default&#8221; column_element_spacing=&#8221;default&#8221; desktop_text_alignment=&#8221;default&#8221; tablet_text_alignment=&#8221;default&#8221; phone_text_alignment=&#8221;default&#8221; background_color_opacity=&#8221;1&#8243; background_hover_color_opacity=&#8221;1&#8243; column_backdrop_filter=&#8221;none&#8221; column_shadow=&#8221;none&#8221; column_border_radius=&#8221;none&#8221; column_link_target=&#8221;_self&#8221; column_position=&#8221;default&#8221; gradient_direction=&#8221;left_to_right&#8221; overlay_strength=&#8221;0.3&#8243; width=&#8221;1\/1&#8243; tablet_width_inherit=&#8221;default&#8221; animation_type=&#8221;default&#8221; bg_image_animation=&#8221;none&#8221; border_type=&#8221;simple&#8221; column_border_width=&#8221;none&#8221; column_border_style=&#8221;solid&#8221; offset=&#8221;vc_col-xs-12&#8243;][nectar_icon_list animate=&#8221;true&#8221; color=&#8221;default&#8221; direction=&#8221;horizontal&#8221; columns=&#8221;3&#8243; icon_size=&#8221;small&#8221; icon_style=&#8221;border&#8221;][nectar_icon_list_item icon_type=&#8221;numerical&#8221; text_full_html=&#8221;simple&#8221; title=&#8221;List Item&#8221; id=&#8221;1710934579952-9&#8243; header=&#8221;Matrimonis i parelles de fet&#8221; tab_id=&#8221;1710934579952-10&#8243; text=&#8221;Elaboraci\u00f3 d&#8217;acords de conviv\u00e8ncia, acords reguladors del r\u00e8gim econ\u00f2mic, capitulacions, procediments de liquidaci\u00f3 de r\u00e8gim matrimonial i de parelles de fet, repartiment de patrimonis, entre d&#8217;altres.&#8221;][\/nectar_icon_list_item][nectar_icon_list_item icon_type=&#8221;numerical&#8221; text_full_html=&#8221;simple&#8221; title=&#8221;List Item&#8221; id=&#8221;1710934580039-2&#8243; header=&#8221;Divorcios y separaciones de mutuo acuerdo&#8221; tab_id=&#8221;1710934580040-9&#8243; text=&#8221;Redacci\u00f3n del convenio regulador, elaboraci\u00f3n del plan de responsabilidad parental y modificaci\u00f3n de las medidas establecidas por sentencia (visitas, pensiones, custodia de los hijos y otros), as\u00ed como la ejecuci\u00f3n de resoluciones judiciales por incumplimiento de las normas de visita, impago de pensiones y otras cuestiones.&#8221;][\/nectar_icon_list_item][nectar_icon_list_item icon_type=&#8221;numerical&#8221; text_full_html=&#8221;simple&#8221; title=&#8221;List Item&#8221; id=&#8221;1710934580048-9&#8243; header=&#8221;Divorcios y separaciones contenciosos&#8221; tab_id=&#8221;1710934580048-4&#8243; text=&#8221;Redacci\u00f3n del convenio regulador para la custodia de menores, definici\u00f3n del r\u00e9gimen de visitas, establecimiento de pensiones de alimentos y compensatorias, consideraci\u00f3n de la custodia compartida, ajuste de las medidas establecidas a la sentencia (visitas, pensiones, custodia de los hijos y otros), y procedimientos de ejecuci\u00f3n de las resoluciones judiciales por incumplimiento del r\u00e9gimen de visitas, impago de pensiones y otras cuestiones.&#8221;][\/nectar_icon_list_item][\/nectar_icon_list][\/vc_column][\/vc_row][vc_row type=&#8221;full_width_background&#8221; full_screen_row_position=&#8221;middle&#8221; column_margin=&#8221;default&#8221; column_direction=&#8221;default&#8221; column_direction_tablet=&#8221;default&#8221; column_direction_phone=&#8221;default&#8221; bg_color=&#8221;#be9f6a&#8221; scene_position=&#8221;center&#8221; top_padding=&#8221;5%&#8221; constrain_group_1=&#8221;yes&#8221; bottom_padding=&#8221;5%&#8221; top_padding_tablet=&#8221;80px&#8221; constrain_group_3=&#8221;yes&#8221; bottom_padding_tablet=&#8221;80px&#8221; top_padding_phone=&#8221;80px&#8221; constrain_group_5=&#8221;yes&#8221; bottom_padding_phone=&#8221;80px&#8221; text_color=&#8221;light&#8221; text_align=&#8221;left&#8221; row_border_radius=&#8221;none&#8221; row_border_radius_applies=&#8221;bg&#8221; overflow=&#8221;visible&#8221; enable_gradient=&#8221;true&#8221; color_overlay=&#8221;#be9f6a&#8221; color_overlay_2=&#8221;#d6c18c&#8221; overlay_strength=&#8221;1&#8243; gradient_direction=&#8221;left_to_right&#8221; shape_divider_position=&#8221;bottom&#8221; bg_image_animation=&#8221;none&#8221; gradient_type=&#8221;default&#8221; shape_type=&#8221;&#8221;][vc_column column_padding=&#8221;no-extra-padding&#8221; column_padding_tablet=&#8221;inherit&#8221; column_padding_phone=&#8221;inherit&#8221; column_padding_position=&#8221;all&#8221; column_element_direction_desktop=&#8221;default&#8221; column_element_spacing=&#8221;default&#8221; desktop_text_alignment=&#8221;default&#8221; tablet_text_alignment=&#8221;default&#8221; phone_text_alignment=&#8221;default&#8221; background_color_opacity=&#8221;1&#8243; background_hover_color_opacity=&#8221;1&#8243; column_backdrop_filter=&#8221;none&#8221; column_shadow=&#8221;none&#8221; column_border_radius=&#8221;none&#8221; column_link_target=&#8221;_self&#8221; column_position=&#8221;default&#8221; gradient_direction=&#8221;left_to_right&#8221; overlay_strength=&#8221;0.3&#8243; width=&#8221;2\/3&#8243; tablet_width_inherit=&#8221;default&#8221; animation_type=&#8221;default&#8221; bg_image_animation=&#8221;none&#8221; border_type=&#8221;simple&#8221; column_border_width=&#8221;none&#8221; column_border_style=&#8221;solid&#8221;][vc_column_text text_direction=&#8221;default&#8221;]\n<h1>\u00bfNecessites ajuda?<\/h1>\n[\/vc_column_text][\/vc_column][vc_column column_padding=&#8221;no-extra-padding&#8221; column_padding_tablet=&#8221;inherit&#8221; column_padding_phone=&#8221;inherit&#8221; column_padding_position=&#8221;all&#8221; column_element_direction_desktop=&#8221;default&#8221; column_element_spacing=&#8221;default&#8221; desktop_text_alignment=&#8221;default&#8221; tablet_text_alignment=&#8221;default&#8221; phone_text_alignment=&#8221;default&#8221; background_color_opacity=&#8221;1&#8243; background_hover_color_opacity=&#8221;1&#8243; column_backdrop_filter=&#8221;none&#8221; column_shadow=&#8221;none&#8221; column_border_radius=&#8221;none&#8221; column_link_target=&#8221;_self&#8221; column_position=&#8221;default&#8221; gradient_direction=&#8221;left_to_right&#8221; overlay_strength=&#8221;0.3&#8243; width=&#8221;1\/3&#8243; tablet_width_inherit=&#8221;default&#8221; animation_type=&#8221;default&#8221; bg_image_animation=&#8221;none&#8221; border_type=&#8221;simple&#8221; column_border_width=&#8221;none&#8221; column_border_style=&#8221;solid&#8221;][nectar_btn size=&#8221;jumbo&#8221; open_new_tab=&#8221;true&#8221; button_style=&#8221;regular&#8221; button_color_2=&#8221;Extra-Color-3&#8243; color_override=&#8221;#ffffff&#8221; solid_text_color_override=&#8221;#be9f6a&#8221; icon_family=&#8221;none&#8221; text=&#8221;Contacta amb nosaltres&#8221; url=&#8221;https:\/\/oromiabogados.com\/ca\/#contacte&#8221;][\/vc_column][\/vc_row]\n","protected":false},"excerpt":{"rendered":"<p>[vc_row type=&#8221;full_width_background&#8221; full_screen_row_position=&#8221;middle&#8221; column_margin=&#8221;default&#8221; column_direction=&#8221;default&#8221; column_direction_tablet=&#8221;default&#8221; column_direction_phone=&#8221;default&#8221; bg_color=&#8221;#be9f6a&#8221; bg_image=&#8221;197&#8243; bg_position=&#8221;center center&#8221; background_image_loading=&#8221;default&#8221; bg_repeat=&#8221;no-repeat&#8221; scene_position=&#8221;center&#8221; top_padding=&#8221;7%&#8221; constrain_group_1=&#8221;yes&#8221; bottom_padding=&#8221;7%&#8221; top_padding_tablet=&#8221;100px&#8221; constrain_group_3=&#8221;yes&#8221; bottom_padding_tablet=&#8221;100px&#8221; top_padding_phone=&#8221;100px&#8221; constrain_group_5=&#8221;yes&#8221; bottom_padding_phone=&#8221;100px&#8221; text_color=&#8221;light&#8221; text_align=&#8221;left&#8221; row_border_radius=&#8221;none&#8221; row_border_radius_applies=&#8221;bg&#8221; overflow=&#8221;visible&#8221; enable_gradient=&#8221;true&#8221; color_overlay=&#8221;#be9f6a&#8221;&#8230;<\/p>\n","protected":false},"author":1,"featured_media":0,"parent":0,"menu_order":0,"comment_status":"closed","ping_status":"closed","template":"","meta":{"footnotes":""},"class_list":["post-256","page","type-page","status-publish"],"yoast_head":"<!-- This site is optimized with the Yoast SEO plugin v22.4 - https:\/\/yoast.com\/wordpress\/plugins\/seo\/ -->\n<title>Dret de fam\u00edlia - Orom\u00ed &amp; Asociados - Abogados<\/title>\n<meta name=\"robots\" content=\"index, follow, max-snippet:-1, max-image-preview:large, max-video-preview:-1\" \/>\n<link rel=\"canonical\" href=\"https:\/\/oromiabogados.com\/ca\/dret-de-familia\/\" \/>\n<meta property=\"og:locale\" content=\"ca_ES\" \/>\n<meta property=\"og:type\" content=\"article\" \/>\n<meta property=\"og:title\" content=\"Dret de fam\u00edlia - Orom\u00ed &amp; Asociados - Abogados\" \/>\n<meta property=\"og:description\" content=\"[vc_row type=&#8221;full_width_background&#8221; full_screen_row_position=&#8221;middle&#8221; column_margin=&#8221;default&#8221; column_direction=&#8221;default&#8221; column_direction_tablet=&#8221;default&#8221; column_direction_phone=&#8221;default&#8221; bg_color=&#8221;#be9f6a&#8221; bg_image=&#8221;197&#8243; bg_position=&#8221;center center&#8221; background_image_loading=&#8221;default&#8221; bg_repeat=&#8221;no-repeat&#8221; scene_position=&#8221;center&#8221; top_padding=&#8221;7%&#8221; constrain_group_1=&#8221;yes&#8221; bottom_padding=&#8221;7%&#8221; top_padding_tablet=&#8221;100px&#8221; constrain_group_3=&#8221;yes&#8221; bottom_padding_tablet=&#8221;100px&#8221; top_padding_phone=&#8221;100px&#8221; constrain_group_5=&#8221;yes&#8221; bottom_padding_phone=&#8221;100px&#8221; text_color=&#8221;light&#8221; text_align=&#8221;left&#8221; row_border_radius=&#8221;none&#8221; row_border_radius_applies=&#8221;bg&#8221; overflow=&#8221;visible&#8221; enable_gradient=&#8221;true&#8221; color_overlay=&#8221;#be9f6a&#8221;...\" \/>\n<meta property=\"og:url\" content=\"https:\/\/oromiabogados.com\/ca\/dret-de-familia\/\" \/>\n<meta property=\"og:site_name\" content=\"Orom\u00ed &amp; Asociados - Abogados\" \/>\n<meta property=\"article:modified_time\" content=\"2024-03-20T11:36:30+00:00\" \/>\n<meta name=\"twitter:card\" content=\"summary_large_image\" \/>\n<meta name=\"twitter:label1\" content=\"Temps estimat de lectura\" \/>\n\t<meta name=\"twitter:data1\" content=\"6 minuts\" \/>\n<script type=\"application\/ld+json\" class=\"yoast-schema-graph\">{\"@context\":\"https:\/\/schema.org\",\"@graph\":[{\"@type\":\"WebPage\",\"@id\":\"https:\/\/oromiabogados.com\/ca\/dret-de-familia\/\",\"url\":\"https:\/\/oromiabogados.com\/ca\/dret-de-familia\/\",\"name\":\"Dret de fam\u00edlia - Orom\u00ed &amp; Asociados - Abogados\",\"isPartOf\":{\"@id\":\"https:\/\/oromiabogados.com\/#website\"},\"datePublished\":\"2024-03-06T17:22:07+00:00\",\"dateModified\":\"2024-03-20T11:36:30+00:00\",\"breadcrumb\":{\"@id\":\"https:\/\/oromiabogados.com\/ca\/dret-de-familia\/#breadcrumb\"},\"inLanguage\":\"ca\",\"potentialAction\":[{\"@type\":\"ReadAction\",\"target\":[\"https:\/\/oromiabogados.com\/ca\/dret-de-familia\/\"]}]},{\"@type\":\"BreadcrumbList\",\"@id\":\"https:\/\/oromiabogados.com\/ca\/dret-de-familia\/#breadcrumb\",\"itemListElement\":[{\"@type\":\"ListItem\",\"position\":1,\"name\":\"Portada\",\"item\":\"https:\/\/oromiabogados.com\/ca\/\"},{\"@type\":\"ListItem\",\"position\":2,\"name\":\"Dret de fam\u00edlia\"}]},{\"@type\":\"WebSite\",\"@id\":\"https:\/\/oromiabogados.com\/#website\",\"url\":\"https:\/\/oromiabogados.com\/\",\"name\":\"Orom\u00ed & Asociados - Abogados\",\"description\":\"En Orom\u00ed Abogados llevamos cerca de 20 a\u00f1os ayudando a las empresas y profesionales a solucionar problemas laborales y legales\",\"publisher\":{\"@id\":\"https:\/\/oromiabogados.com\/#organization\"},\"potentialAction\":[{\"@type\":\"SearchAction\",\"target\":{\"@type\":\"EntryPoint\",\"urlTemplate\":\"https:\/\/oromiabogados.com\/?s={search_term_string}\"},\"query-input\":\"required name=search_term_string\"}],\"inLanguage\":\"ca\"},{\"@type\":\"Organization\",\"@id\":\"https:\/\/oromiabogados.com\/#organization\",\"name\":\"Orom\u00ed & Asociados - Abogados\",\"url\":\"https:\/\/oromiabogados.com\/\",\"logo\":{\"@type\":\"ImageObject\",\"inLanguage\":\"ca\",\"@id\":\"https:\/\/oromiabogados.com\/#\/schema\/logo\/image\/\",\"url\":\"https:\/\/oromiabogados.com\/wp-content\/uploads\/2024\/03\/cropped-oromi-icon.png\",\"contentUrl\":\"https:\/\/oromiabogados.com\/wp-content\/uploads\/2024\/03\/cropped-oromi-icon.png\",\"width\":512,\"height\":512,\"caption\":\"Orom\u00ed & Asociados - Abogados\"},\"image\":{\"@id\":\"https:\/\/oromiabogados.com\/#\/schema\/logo\/image\/\"}}]}<\/script>\n<!-- \/ Yoast SEO plugin. -->","yoast_head_json":{"title":"Dret de fam\u00edlia - Orom\u00ed &amp; Asociados - Abogados","robots":{"index":"index","follow":"follow","max-snippet":"max-snippet:-1","max-image-preview":"max-image-preview:large","max-video-preview":"max-video-preview:-1"},"canonical":"https:\/\/oromiabogados.com\/ca\/dret-de-familia\/","og_locale":"ca_ES","og_type":"article","og_title":"Dret de fam\u00edlia - Orom\u00ed &amp; Asociados - Abogados","og_description":"[vc_row type=&#8221;full_width_background&#8221; full_screen_row_position=&#8221;middle&#8221; column_margin=&#8221;default&#8221; column_direction=&#8221;default&#8221; column_direction_tablet=&#8221;default&#8221; column_direction_phone=&#8221;default&#8221; bg_color=&#8221;#be9f6a&#8221; bg_image=&#8221;197&#8243; bg_position=&#8221;center center&#8221; background_image_loading=&#8221;default&#8221; bg_repeat=&#8221;no-repeat&#8221; scene_position=&#8221;center&#8221; top_padding=&#8221;7%&#8221; constrain_group_1=&#8221;yes&#8221; bottom_padding=&#8221;7%&#8221; top_padding_tablet=&#8221;100px&#8221; constrain_group_3=&#8221;yes&#8221; bottom_padding_tablet=&#8221;100px&#8221; top_padding_phone=&#8221;100px&#8221; constrain_group_5=&#8221;yes&#8221; bottom_padding_phone=&#8221;100px&#8221; text_color=&#8221;light&#8221; text_align=&#8221;left&#8221; row_border_radius=&#8221;none&#8221; row_border_radius_applies=&#8221;bg&#8221; overflow=&#8221;visible&#8221; enable_gradient=&#8221;true&#8221; color_overlay=&#8221;#be9f6a&#8221;...","og_url":"https:\/\/oromiabogados.com\/ca\/dret-de-familia\/","og_site_name":"Orom\u00ed &amp; Asociados - Abogados","article_modified_time":"2024-03-20T11:36:30+00:00","twitter_card":"summary_large_image","twitter_misc":{"Temps estimat de lectura":"6 minuts"},"schema":{"@context":"https:\/\/schema.org","@graph":[{"@type":"WebPage","@id":"https:\/\/oromiabogados.com\/ca\/dret-de-familia\/","url":"https:\/\/oromiabogados.com\/ca\/dret-de-familia\/","name":"Dret de fam\u00edlia - Orom\u00ed &amp; Asociados - Abogados","isPartOf":{"@id":"https:\/\/oromiabogados.com\/#website"},"datePublished":"2024-03-06T17:22:07+00:00","dateModified":"2024-03-20T11:36:30+00:00","breadcrumb":{"@id":"https:\/\/oromiabogados.com\/ca\/dret-de-familia\/#breadcrumb"},"inLanguage":"ca","potentialAction":[{"@type":"ReadAction","target":["https:\/\/oromiabogados.com\/ca\/dret-de-familia\/"]}]},{"@type":"BreadcrumbList","@id":"https:\/\/oromiabogados.com\/ca\/dret-de-familia\/#breadcrumb","itemListElement":[{"@type":"ListItem","position":1,"name":"Portada","item":"https:\/\/oromiabogados.com\/ca\/"},{"@type":"ListItem","position":2,"name":"Dret de fam\u00edlia"}]},{"@type":"WebSite","@id":"https:\/\/oromiabogados.com\/#website","url":"https:\/\/oromiabogados.com\/","name":"Orom\u00ed & Asociados - Abogados","description":"En Orom\u00ed Abogados llevamos cerca de 20 a\u00f1os ayudando a las empresas y profesionales a solucionar problemas laborales y legales","publisher":{"@id":"https:\/\/oromiabogados.com\/#organization"},"potentialAction":[{"@type":"SearchAction","target":{"@type":"EntryPoint","urlTemplate":"https:\/\/oromiabogados.com\/?s={search_term_string}"},"query-input":"required name=search_term_string"}],"inLanguage":"ca"},{"@type":"Organization","@id":"https:\/\/oromiabogados.com\/#organization","name":"Orom\u00ed & Asociados - Abogados","url":"https:\/\/oromiabogados.com\/","logo":{"@type":"ImageObject","inLanguage":"ca","@id":"https:\/\/oromiabogados.com\/#\/schema\/logo\/image\/","url":"https:\/\/oromiabogados.com\/wp-content\/uploads\/2024\/03\/cropped-oromi-icon.png","contentUrl":"https:\/\/oromiabogados.com\/wp-content\/uploads\/2024\/03\/cropped-oromi-icon.png","width":512,"height":512,"caption":"Orom\u00ed & Asociados - Abogados"},"image":{"@id":"https:\/\/oromiabogados.com\/#\/schema\/logo\/image\/"}}]}},"_links":{"self":[{"href":"https:\/\/oromiabogados.com\/ca\/wp-json\/wp\/v2\/pages\/256","targetHints":{"allow":["GET"]}}],"collection":[{"href":"https:\/\/oromiabogados.com\/ca\/wp-json\/wp\/v2\/pages"}],"about":[{"href":"https:\/\/oromiabogados.com\/ca\/wp-json\/wp\/v2\/types\/page"}],"author":[{"embeddable":true,"href":"https:\/\/oromiabogados.com\/ca\/wp-json\/wp\/v2\/users\/1"}],"replies":[{"embeddable":true,"href":"https:\/\/oromiabogados.com\/ca\/wp-json\/wp\/v2\/comments?post=256"}],"version-history":[{"count":2,"href":"https:\/\/oromiabogados.com\/ca\/wp-json\/wp\/v2\/pages\/256\/revisions"}],"predecessor-version":[{"id":262,"href":"https:\/\/oromiabogados.com\/ca\/wp-json\/wp\/v2\/pages\/256\/revisions\/262"}],"wp:attachment":[{"href":"https:\/\/oromiabogados.com\/ca\/wp-json\/wp\/v2\/media?parent=256"}],"curies":[{"name":"wp","href":"https:\/\/api.w.org\/{rel}","templated":true}]}}